{"id":13,"date":"2025-06-28T19:56:37","date_gmt":"2025-06-28T19:56:37","guid":{"rendered":"https:\/\/joseluisdiazcaballero.com\/?page_id=13"},"modified":"2025-06-28T19:56:37","modified_gmt":"2025-06-28T19:56:37","slug":"sobre-mi","status":"publish","type":"page","link":"https:\/\/joseluisdiazcaballero.com\/?page_id=13","title":{"rendered":"Sobre m\u00ed"},"content":{"rendered":"<div class=\"wp-block-image\">\n<figure class=\"aligncenter size-full\"><img decoding=\"async\" width=\"225\" height=\"224\" src=\"https:\/\/joseluisdiazcaballero.com\/wp-content\/uploads\/2025\/06\/JLDC.jpeg\" alt=\"Jos\u00e9 Luis D\u00edaz Caballero\" class=\"wp-image-14\" srcset=\"https:\/\/joseluisdiazcaballero.com\/wp-content\/uploads\/2025\/06\/JLDC.jpeg 225w, https:\/\/joseluisdiazcaballero.com\/wp-content\/uploads\/2025\/06\/JLDC-150x150.jpeg 150w, https:\/\/joseluisdiazcaballero.com\/wp-content\/uploads\/2025\/06\/JLDC-120x120.jpeg 120w\" sizes=\"(max-width: 225px) 100vw, 225px\" \/><\/figure><\/div>\n\n\n<p><strong>Jos\u00e9 Luis D\u00edaz Caballero<\/strong> (Madrid, 1979) es escritor y abogado. Desde hace m\u00e1s de veinte a\u00f1os compagina con pasi\u00f3n ambas vocaciones. En 1997 fue galardonado con el premio <em>Los nuevos de Alfaguara<\/em> por su relato <em>La agon\u00eda l\u00e1nguida del Santo Patr\u00f3n<\/em>, incluido en el volumen <em>La mascota virtual y otros relatos<\/em>. En 2010 obtuvo el primer premio en el certamen de art\u00edculos monogr\u00e1ficos convocado por el Ilustre Colegio de Abogados de Madrid.<\/p>\n\n\n\n<p>Tras cursar diversos estudios de literatura y escritura creativa, debut\u00e9 en la novela con <em>El rugido de las sombras<\/em>, finalista del Premio Onuba (2015) y del Premio Caligrama (2017). La segunda novela, <em>Sudor y lluvia tras el fin del mundo<\/em> (Maclein y Parker, 2018), fue distinguida con el segundo Premio Fray Luis de Le\u00f3n de narrativa. En 2022, Velasco Ediciones publica <em>Cien cruces arrastradas<\/em>, una novela intensa y emocional que muchos consideran mi obra m\u00e1s ambiciosa hasta la fecha. En 2024, ve la luz mi cuarta novela, Ning\u00fan ocaso demasiado intenso (Velasco Ediciones), una obra en la que todo viaje es regreso. En abril de 2025 ve la luz mi primer poemario, <em>Atlas en rojo<\/em> (La Tortuga B\u00falgara).<\/p>\n\n\n\n<p>He colaborado en diversas antolog\u00edas, como <em>40 colores, incluido el negro<\/em> (AEN, 2016), y escribo cr\u00edtica literaria en <em>Zenda<\/em>, <em>Qu\u00e9 Leer<\/em> y <em>Cuadernos del B\u00f3sforo<\/em>. Mantengo adem\u00e1s el blog <em>Viajando entre lo infinito<\/em>, en \u00e9l publico relatos, textos reflexivos y anotaciones de lectura.<\/p>\n\n\n\n<p>A pesar de los a\u00f1os \u2014y de los libros\u2014, persiste en m\u00ed una obsesi\u00f3n intacta: traducir el mundo en uno de sus muchos cuadernos.<\/p>\n\n\n\n<h5 class=\"wp-block-heading\">Valbuena, N.:\u00a0<a href=\"https:\/\/www.velascoediciones.com\/wp-content\/uploads\/2023\/01\/ENTREVISTA-CON-JOSE-LUIS-DIAZ-CABALLERO-3-DE-ENERO-2023-1.mp3\" target=\"_blank\" rel=\"noreferrer noopener\">Entrevista a Jos\u00e9 Luis D\u00edaz Caballero<\/a>,\u00a0<em>Mitoman\u00eda<\/em>\u00a0(3-1-2023)<\/h5>\n\n\n\n<figure class=\"wp-block-audio\"><audio controls src=\"https:\/\/www.velascoediciones.com\/wp-content\/uploads\/2023\/01\/ENTREVISTA-CON-JOSE-LUIS-DIAZ-CABALLERO-3-DE-ENERO-2023-1.mp3\"><\/audio><\/figure>\n\n\n\n<p><\/p>\n","protected":false},"excerpt":{"rendered":"<p>Jos\u00e9 Luis D\u00edaz Caballero (Madrid, 1979) es escritor y abogado. Desde hace m\u00e1s de veinte a\u00f1os compagina con pasi\u00f3n ambas vocaciones. En 1997 fue galardonado con el premio Los nuevos de Alfaguara por su relato La agon\u00eda l\u00e1nguida del Santo Patr\u00f3n, incluido [&hellip;]<\/p>\n","protected":false},"author":2,"featured_media":0,"parent":0,"menu_order":0,"comment_status":"closed","ping_status":"closed","template":"","meta":{"footnotes":""},"class_list":["post-13","page","type-page","status-publish","hentry"],"_links":{"self":[{"href":"https:\/\/joseluisdiazcaballero.com\/index.php?rest_route=\/wp\/v2\/pages\/13","targetHints":{"allow":["GET"]}}],"collection":[{"href":"https:\/\/joseluisdiazcaballero.com\/index.php?rest_route=\/wp\/v2\/pages"}],"about":[{"href":"https:\/\/joseluisdiazcaballero.com\/index.php?rest_route=\/wp\/v2\/types\/page"}],"author":[{"embeddable":true,"href":"https:\/\/joseluisdiazcaballero.com\/index.php?rest_route=\/wp\/v2\/users\/2"}],"replies":[{"embeddable":true,"href":"https:\/\/joseluisdiazcaballero.com\/index.php?rest_route=%2Fwp%2Fv2%2Fcomments&post=13"}],"version-history":[{"count":1,"href":"https:\/\/joseluisdiazcaballero.com\/index.php?rest_route=\/wp\/v2\/pages\/13\/revisions"}],"predecessor-version":[{"id":15,"href":"https:\/\/joseluisdiazcaballero.com\/index.php?rest_route=\/wp\/v2\/pages\/13\/revisions\/15"}],"wp:attachment":[{"href":"https:\/\/joseluisdiazcaballero.com\/index.php?rest_route=%2Fwp%2Fv2%2Fmedia&parent=13"}],"curies":[{"name":"wp","href":"https:\/\/api.w.org\/{rel}","templated":true}]}}